{"id":1823,"date":"2022-04-23T18:15:44","date_gmt":"2022-04-23T18:15:44","guid":{"rendered":"https:\/\/mb-construction.lu\/?page_id=1823"},"modified":"2025-05-12T11:48:48","modified_gmt":"2025-05-12T11:48:48","slug":"construction-cle-en-main","status":"publish","type":"page","link":"https:\/\/gradilux.lu\/de\/construction-cle-en-main\/","title":{"rendered":"Schl\u00fcsselfertiger Bau"},"content":{"rendered":"<div data-elementor-type=\"wp-page\" data-elementor-id=\"1823\" class=\"elementor elementor-1823\">\n\t\t\t\t\t\t\t\t\t<section class=\"elementor-section elementor-top-section elementor-element elementor-element-5ade1f4f elementor-section-full_width elementor-section-stretched elementor-section-content-top elementor-section-height-default elementor-section-height-default\" data-id=\"5ade1f4f\" data-element_type=\"section\" data-settings=\"{&quot;stretch_section&quot;:&quot;section-stretched&quot;}\">\n\t\t\t\t\t\t<div class=\"elementor-container elementor-column-gap-no\">\n\t\t\t\t\t<div class=\"elementor-column elementor-col-100 elementor-top-column elementor-element elementor-element-7b18470a\" data-id=\"7b18470a\" data-element_type=\"column\">\n\t\t\t<div class=\"elementor-widget-wrap elementor-element-populated\">\n\t\t\t\t\t\t\t\t<div class=\"elementor-element elementor-element-1bde0cae elementor-widget elementor-widget-about\" data-id=\"1bde0cae\" data-element_type=\"widget\" data-widget_type=\"about.default\">\n\t\t\t\t<div class=\"elementor-widget-container\">\n\t\t\t    <!-- Start Our About\r\n    ============================================= -->\r\n    <div class=\"about-area ver-two overflow-hidden shape-box default-padding-top\">\r\n        <!-- Fixed Shape -->\r\n        <div class=\"fixed-shape\">\r\n            <img decoding=\"async\" src=\"https:\/\/gradilux.lu\/wp-content\/themes\/admonet\/assets\/img\/shape\/1.png\" alt=\"dustra\">\r\n        <\/div>\r\n        <!-- End Fixed Shape -->\r\n        <div class=\"container\">\r\n            <div class=\"row align-center\">\r\n\r\n                <div class=\"col-lg-5 thumb-box\">\r\n                \t\t                    <div class=\"thumb\">\r\n\t                        <img decoding=\"async\" src=\"https:\/\/gradilux.lu\/wp-content\/uploads\/2022\/04\/MB-Construction-SARL-Construction-cle-en-main-1.jpg\" alt=\"dustra\">\r\n\t                    <\/div>\r\n                \t                <\/div>\r\n\r\n                <div class=\"col-lg-7 info\">\r\n                    <h2 class=\"text-opacity\">Schl\u00fcsselfertiger Bau<\/h2>\r\n                     <h2>Schl\u00fcsselfertiger Bau<\/h2><p>Sie haben Ihre Entscheidung getroffen und werden Ihr Haus bauen! Sie sehen, dass Sie die Aufgabe aus Mangel an Zeit, Fachwissen und Werkzeugen nicht bew\u00e4ltigen k\u00f6nnen. Welche Option w\u00e4hlen Sie, um Ihr Haus zu bauen? Ihre Erwartungen werden durch den schl\u00fcsselfertigen Bauauftrag bestens erf\u00fcllt. Was genau ist eine schl\u00fcsselfertige L\u00f6sung? Dank dieser Art von Vertrag m\u00fcssen Sie den Baustellen nicht mehr folgen, Sie haben nichts zu tun!<\/p><ul><li>Zeit sparen<\/li><li>Betrauen Sie die Verwaltung mit Experten<\/li><\/ul>                     \r\n                    <a class=\"btn btn-theme effect btn-md\" href=\"https:\/\/gradilux.lu\/de\/contactez-nous\/\">Kontaktiere Uns<\/a>\r\n                \t                <\/div>\r\n                \r\n            <\/div>\r\n        <\/div>\r\n        <!-- Shape -->\r\n        <div class=\"shape-bg\">\r\n            <img decoding=\"async\" src=\"https:\/\/themelocker.tech\/dustra\/wp-content\/uploads\/2021\/11\/shape.png\" alt=\"dustra\">\r\n        <\/div>\r\n        <!-- End Shape -->\r\n    <\/div>\r\n    <!-- End Our About -->\r\n\r\n\r\n\t\t\t<\/div>\n\t\t\t\t<\/div>\n\t\t\t\t\t<\/div>\n\t\t<\/div>\n\t\t\t\t\t\t\t<\/div>\n\t\t<\/section>\n\t\t\t\t<section class=\"elementor-section elementor-top-section elementor-element elementor-element-5aa34f3e elementor-section-stretched elementor-section-boxed elementor-section-height-default elementor-section-height-default\" data-id=\"5aa34f3e\" data-element_type=\"section\" data-settings=\"{&quot;background_background&quot;:&quot;classic&quot;,&quot;stretch_section&quot;:&quot;section-stretched&quot;}\">\n\t\t\t\t\t\t<div class=\"elementor-container elementor-column-gap-default\">\n\t\t\t\t\t<div class=\"elementor-column elementor-col-100 elementor-top-column elementor-element elementor-element-40c666f4\" data-id=\"40c666f4\" data-element_type=\"column\">\n\t\t\t<div class=\"elementor-widget-wrap elementor-element-populated\">\n\t\t\t\t\t\t\t\t<div class=\"elementor-element elementor-element-566368a1 elementor-widget elementor-widget-heading\" data-id=\"566368a1\" data-element_type=\"widget\" data-widget_type=\"heading.default\">\n\t\t\t\t<div class=\"elementor-widget-container\">\n\t\t\t<style>\/*! elementor - v3.6.4 - 13-04-2022 *\/\n.elementor-heading-title{padding:0;margin:0;line-height:1}.elementor-widget-heading .elementor-heading-title[class*=elementor-size-]>a{color:inherit;font-size:inherit;line-height:inherit}.elementor-widget-heading .elementor-heading-title.elementor-size-small{font-size:15px}.elementor-widget-heading .elementor-heading-title.elementor-size-medium{font-size:19px}.elementor-widget-heading .elementor-heading-title.elementor-size-large{font-size:29px}.elementor-widget-heading .elementor-heading-title.elementor-size-xl{font-size:39px}.elementor-widget-heading .elementor-heading-title.elementor-size-xxl{font-size:59px}<\/style><p class=\"elementor-heading-title elementor-size-small\">WAS WIR TUN<\/p>\t\t<\/div>\n\t\t\t\t<\/div>\n\t\t\t\t<div class=\"elementor-element elementor-element-5561fa41 team-title elementor-widget elementor-widget-heading\" data-id=\"5561fa41\" data-element_type=\"widget\" data-widget_type=\"heading.default\">\n\t\t\t\t<div class=\"elementor-widget-container\">\n\t\t\t<h2 class=\"elementor-heading-title elementor-size-default\">Unsere Leistungen<\/h2>\t\t<\/div>\n\t\t\t\t<\/div>\n\t\t\t\t<div class=\"elementor-element elementor-element-45ee0b4f elementor-widget elementor-widget-text-editor\" data-id=\"45ee0b4f\" data-element_type=\"widget\" data-widget_type=\"text-editor.default\">\n\t\t\t\t<div class=\"elementor-widget-container\">\n\t\t\t<style>\/*! elementor - v3.6.4 - 13-04-2022 *\/\n.elementor-widget-text-editor.elementor-drop-cap-view-stacked .elementor-drop-cap{background-color:#818a91;color:#fff}.elementor-widget-text-editor.elementor-drop-cap-view-framed .elementor-drop-cap{color:#818a91;border:3px solid;background-color:transparent}.elementor-widget-text-editor:not(.elementor-drop-cap-view-default) .elementor-drop-cap{margin-top:8px}.elementor-widget-text-editor:not(.elementor-drop-cap-view-default) .elementor-drop-cap-letter{width:1em;height:1em}.elementor-widget-text-editor .elementor-drop-cap{float:left;text-align:center;line-height:1;font-size:50px}.elementor-widget-text-editor .elementor-drop-cap-letter{display:inline-block}<\/style>\t\t\t\tAlle unsere Dienstleistungen sind flexibel und individuell auf Ihre Bed\u00fcrfnisse abgestimmt.\t\t\t\t\t\t<\/div>\n\t\t\t\t<\/div>\n\t\t\t\t\t<\/div>\n\t\t<\/div>\n\t\t\t\t\t\t\t<\/div>\n\t\t<\/section>\n\t\t\t\t<section class=\"elementor-section elementor-top-section elementor-element elementor-element-5930a1c8 elementor-section-full_width elementor-section-stretched elementor-section-height-default elementor-section-height-default\" data-id=\"5930a1c8\" data-element_type=\"section\" data-settings=\"{&quot;stretch_section&quot;:&quot;section-stretched&quot;,&quot;background_background&quot;:&quot;classic&quot;}\">\n\t\t\t\t\t\t<div class=\"elementor-container elementor-column-gap-no\">\n\t\t\t\t\t<div class=\"elementor-column elementor-col-100 elementor-top-column elementor-element elementor-element-1aecf176\" data-id=\"1aecf176\" data-element_type=\"column\">\n\t\t\t<div class=\"elementor-widget-wrap elementor-element-populated\">\n\t\t\t\t\t\t\t\t<div class=\"elementor-element elementor-element-1c65027f elementor-widget elementor-widget-services\" data-id=\"1c65027f\" data-element_type=\"widget\" data-widget_type=\"services.default\">\n\t\t\t\t<div class=\"elementor-widget-container\">\n\t\t\t\t\t\t<!-- Start Services Area\r\n\t\t    ============================================= -->\r\n\t\t    <div class=\"thumb-services-area shadow default-padding bottom-less\">\r\n\t\t        <!-- Shape -->\r\n\t\t        <div class=\"shape-bottom\" style=\"background-image: url();\"><\/div>\r\n\t\t        <!-- End Shape -->\r\n\t\t        <div class=\"container\">\r\n\t\t            <div class=\"thumb-services-items text-light\">\r\n\t\t                <div class=\"row\">\r\n\t\t                \t\t\t                    <!-- Single Item -->\r\n\t\t                    <div class=\"single-item col-lg-4 col-md-6\">\r\n\t\t                        <div class=\"item\" style=\"background-image: url(https:\/\/gradilux.lu\/wp-content\/uploads\/2022\/04\/MB-Construction-SARL-Construction-cle-en-main-1.jpg);\">\r\n\t\t                            <div class=\"content\">\r\n\t\t                                <div class=\"inner\">\r\n\t\t                                    \t\t\t                            \t\t\t\t                            \t\t<i class=\"flaticon-crane\"><\/i>\r\n\t\t\t                            \t\t\t\t                            \t\t\t                                    <h4>Schl\u00fcsselfertiger Bau<\/h4>\r\n\t\t                                    <p>\r\n\t\t                                       Sie haben Ihre Entscheidung getroffen und werden Ihr Haus bauen! Sie sehen, dass Sie die nicht abschlie\u00dfen k\u00f6nnen\t\t                                    <\/p>\r\n\t\t                                <\/div>\r\n\t\t                                <div class=\"link\">\r\n\t\t                                    <a class=\"btn circle btn-theme effect btn-sm\" href=\"https:\/\/gradilux.lu\/de\/construction-cle-en-main\/\">Weiterlesen<i class=\"fal fa-plus\"><\/i><\/a>\r\n\t\t                                <\/div>\r\n\t\t                            <\/div>\r\n\t\t                        <\/div>\r\n\t\t                    <\/div>\r\n\t\t                    <!-- End Single Item -->\r\n\t\t                    \t\t                    <!-- Single Item -->\r\n\t\t                    <div class=\"single-item col-lg-4 col-md-6\">\r\n\t\t                        <div class=\"item\" style=\"background-image: url(https:\/\/gradilux.lu\/wp-content\/uploads\/2022\/04\/MB-Construction-SARL-house-facades1.jpg);\">\r\n\t\t                            <div class=\"content\">\r\n\t\t                                <div class=\"inner\">\r\n\t\t                                    \t\t\t                            \t\t\t\t                            \t\t<i class=\"flaticon-house\"><\/i>\r\n\t\t\t                            \t\t\t\t                            \t\t\t                                    <h4>Fassaden<\/h4>\r\n\t\t                                    <p>\r\n\t\t                                       Die Fassadenverkleidung ist ein wichtiges Schutzelement ob im Rahmen einer Sanierung oder\t\t                                    <\/p>\r\n\t\t                                <\/div>\r\n\t\t                                <div class=\"link\">\r\n\t\t                                    <a class=\"btn circle btn-theme effect btn-sm\" href=\"https:\/\/gradilux.lu\/de\/facades\/\">Weiterlesen<i class=\"fal fa-plus\"><\/i><\/a>\r\n\t\t                                <\/div>\r\n\t\t                            <\/div>\r\n\t\t                        <\/div>\r\n\t\t                    <\/div>\r\n\t\t                    <!-- End Single Item -->\r\n\t\t                    \t\t                    <!-- Single Item -->\r\n\t\t                    <div class=\"single-item col-lg-4 col-md-6\">\r\n\t\t                        <div class=\"item\" style=\"background-image: url(https:\/\/gradilux.lu\/wp-content\/uploads\/2022\/04\/MB-Construction-SARL-Gros-oeuvre12.jpg);\">\r\n\t\t                            <div class=\"content\">\r\n\t\t                                <div class=\"inner\">\r\n\t\t                                    \t\t\t                            \t\t\t\t                            \t\t<i class=\"flaticon-puzzle\"><\/i>\r\n\t\t\t                            \t\t\t\t                            \t\t\t                                    <h4>Bauarbeiten<\/h4>\r\n\t\t                                    <p>\r\n\t\t                                       Die Tragwerksarbeit einer Struktur besteht aus der Konstruktion ihres Ger\u00fcsts. Dazu tr\u00e4gt die gesamte Bauleistung bei\t\t                                    <\/p>\r\n\t\t                                <\/div>\r\n\t\t                                <div class=\"link\">\r\n\t\t                                    <a class=\"btn circle btn-theme effect btn-sm\" href=\"https:\/\/gradilux.lu\/de\/gros-oeuvre\/\">Weiterlesen<i class=\"fal fa-plus\"><\/i><\/a>\r\n\t\t                                <\/div>\r\n\t\t                            <\/div>\r\n\t\t                        <\/div>\r\n\t\t                    <\/div>\r\n\t\t                    <!-- End Single Item -->\r\n\t\t                    \t\t                    <!-- Single Item -->\r\n\t\t                    <div class=\"single-item col-lg-4 col-md-6\">\r\n\t\t                        <div class=\"item\" style=\"background-image: url(https:\/\/gradilux.lu\/wp-content\/uploads\/2022\/04\/Amenagements-exterieurs-et-interieurs.jpg);\">\r\n\t\t                            <div class=\"content\">\r\n\t\t                                <div class=\"inner\">\r\n\t\t                                    \t\t\t                            \t\t\t\t                            \t\t\t\t                            \t\t<i class=\"icofont-chair\"><\/i>\r\n\t\t\t                            \t\t\t                                    <h4>Au\u00dfen- und Innenausbau<\/h4>\r\n\t\t                                    <p>\r\n\t\t                                       Les services de design int\u00e9rieur et ext\u00e9rieur de Gradilux S\u00e0rl sont \u00e0 votre\t\t                                    <\/p>\r\n\t\t                                <\/div>\r\n\t\t                                <div class=\"link\">\r\n\t\t                                    <a class=\"btn circle btn-theme effect btn-sm\" href=\"https:\/\/gradilux.lu\/de\/amenagements-exterieurs-et-interieurs\/\">Weiterlesen<i class=\"fal fa-plus\"><\/i><\/a>\r\n\t\t                                <\/div>\r\n\t\t                            <\/div>\r\n\t\t                        <\/div>\r\n\t\t                    <\/div>\r\n\t\t                    <!-- End Single Item -->\r\n\t\t                    \t\t                    <!-- Single Item -->\r\n\t\t                    <div class=\"single-item col-lg-4 col-md-6\">\r\n\t\t                        <div class=\"item\" style=\"background-image: url(https:\/\/gradilux.lu\/wp-content\/uploads\/2022\/04\/MB-Construction-SARL-Maconnerie.jpg);\">\r\n\t\t                            <div class=\"content\">\r\n\t\t                                <div class=\"inner\">\r\n\t\t                                    \t\t\t                            \t\t\t\t                            \t\t<i class=\"flaticon-worker\"><\/i>\r\n\t\t\t                            \t\t\t\t                            \t\t\t                                    <h4>Mauerwerk<\/h4>\r\n\t\t                                    <p>\r\n\t\t                                       Maurerarbeiten sind ein wichtiger Aspekt jedes Bauvorhabens. Sie b\u00fcndeln alle Aktivit\u00e4ten, um sicherzustellen\t\t                                    <\/p>\r\n\t\t                                <\/div>\r\n\t\t                                <div class=\"link\">\r\n\t\t                                    <a class=\"btn circle btn-theme effect btn-sm\" href=\"https:\/\/gradilux.lu\/de\/maconnerie\/\">Weiterlesen<i class=\"fal fa-plus\"><\/i><\/a>\r\n\t\t                                <\/div>\r\n\t\t                            <\/div>\r\n\t\t                        <\/div>\r\n\t\t                    <\/div>\r\n\t\t                    <!-- End Single Item -->\r\n\t\t                    \t\t                    <!-- Single Item -->\r\n\t\t                    <div class=\"single-item col-lg-4 col-md-6\">\r\n\t\t                        <div class=\"item\" style=\"background-image: url(https:\/\/gradilux.lu\/wp-content\/uploads\/2022\/04\/Demolition.jpg);\">\r\n\t\t                            <div class=\"content\">\r\n\t\t                                <div class=\"inner\">\r\n\t\t                                    \t\t\t                            \t\t\t\t                            \t\t<i class=\"flaticon-excavator\"><\/i>\r\n\t\t\t                            \t\t\t\t                            \t\t\t                                    <h4>Abriss<\/h4>\r\n\t\t                                    <p>\r\n\t\t                                       Gradilux poss\u00e8de de nombreuses ann\u00e9es d&#039;exp\u00e9rience dans le domaine du d\u00e9samiantage et nous pouvons r\u00e9pondre \u00e0 vos\t\t                                    <\/p>\r\n\t\t                                <\/div>\r\n\t\t                                <div class=\"link\">\r\n\t\t                                    <a class=\"btn circle btn-theme effect btn-sm\" href=\"https:\/\/gradilux.lu\/de\/demolition\/\">Weiterlesen<i class=\"fal fa-plus\"><\/i><\/a>\r\n\t\t                                <\/div>\r\n\t\t                            <\/div>\r\n\t\t                        <\/div>\r\n\t\t                    <\/div>\r\n\t\t                    <!-- End Single Item -->\r\n\t\t                    \t\t                    <!-- Single Item -->\r\n\t\t                    <div class=\"single-item col-lg-4 col-md-6\">\r\n\t\t                        <div class=\"item\" style=\"background-image: url(https:\/\/gradilux.lu\/wp-content\/uploads\/2022\/04\/Menuiserie-exterieure-et-interieure.jpg);\">\r\n\t\t                            <div class=\"content\">\r\n\t\t                                <div class=\"inner\">\r\n\t\t                                    \t\t\t                            \t\t\t\t                            \t\t<i class=\"flaticon-engineer-3\"><\/i>\r\n\t\t\t                            \t\t\t\t                            \t\t\t                                    <h4>Au\u00dfen- und Innenschreinereiarbeiten<\/h4>\r\n\t\t                                    <p>\r\n\t\t                                       Innen und au\u00dfen pr\u00e4sent, sind sie die Garanten f\u00fcr eine effiziente Isolierung, bewahren die Privatsph\u00e4re...\t\t                                    <\/p>\r\n\t\t                                <\/div>\r\n\t\t                                <div class=\"link\">\r\n\t\t                                    <a class=\"btn circle btn-theme effect btn-sm\" href=\"https:\/\/gradilux.lu\/de\/menuiserie-exterieure-et-interieure\/\">Weiterlesen<i class=\"fal fa-plus\"><\/i><\/a>\r\n\t\t                                <\/div>\r\n\t\t                            <\/div>\r\n\t\t                        <\/div>\r\n\t\t                    <\/div>\r\n\t\t                    <!-- End Single Item -->\r\n\t\t                    \t\t                    <!-- Single Item -->\r\n\t\t                    <div class=\"single-item col-lg-4 col-md-6\">\r\n\t\t                        <div class=\"item\" style=\"background-image: url(https:\/\/gradilux.lu\/wp-content\/uploads\/2022\/04\/isolation.jpg);\">\r\n\t\t                            <div class=\"content\">\r\n\t\t                                <div class=\"inner\">\r\n\t\t                                    \t\t\t                            \t\t\t\t                            \t\t\t\t                            \t\t<i class=\"icofont-celsius\"><\/i>\r\n\t\t\t                            \t\t\t                                    <h4>Isolierung<\/h4>\r\n\t\t                                    <p>\r\n\t\t                                       Isolierung ist eine Technik zum Schutz des Inneren eines Hauses vor \u00e4u\u00dferen Einfl\u00fcssen durch L\u00e4rm und Temperatur. Es ist\t\t                                    <\/p>\r\n\t\t                                <\/div>\r\n\t\t                                <div class=\"link\">\r\n\t\t                                    <a class=\"btn circle btn-theme effect btn-sm\" href=\"https:\/\/gradilux.lu\/de\/isolation\/\">Weiterlesen<i class=\"fal fa-plus\"><\/i><\/a>\r\n\t\t                                <\/div>\r\n\t\t                            <\/div>\r\n\t\t                        <\/div>\r\n\t\t                    <\/div>\r\n\t\t                    <!-- End Single Item -->\r\n\t\t                    \t\t                    <!-- Single Item -->\r\n\t\t                    <div class=\"single-item col-lg-4 col-md-6\">\r\n\t\t                        <div class=\"item\" style=\"background-image: url(https:\/\/gradilux.lu\/wp-content\/uploads\/2022\/04\/Peinture.jpg);\">\r\n\t\t                            <div class=\"content\">\r\n\t\t                                <div class=\"inner\">\r\n\t\t                                    \t\t\t                            \t\t\t\t                            \t\t\t\t                            \t\t<i class=\"icofont-paint-brush\"><\/i>\r\n\t\t\t                            \t\t\t                                    <h4>Malen<\/h4>\r\n\t\t                                    <p>\r\n\t\t                                       Das Neustreichen Ihrer W\u00e4nde und Decken kann Ihrem Zuhause neues Leben einhauchen und gleichzeitig die Illusion von Raum verst\u00e4rken.\t\t                                    <\/p>\r\n\t\t                                <\/div>\r\n\t\t                                <div class=\"link\">\r\n\t\t                                    <a class=\"btn circle btn-theme effect btn-sm\" href=\"https:\/\/gradilux.lu\/de\/peinture\/\">Weiterlesen<i class=\"fal fa-plus\"><\/i><\/a>\r\n\t\t                                <\/div>\r\n\t\t                            <\/div>\r\n\t\t                        <\/div>\r\n\t\t                    <\/div>\r\n\t\t                    <!-- End Single Item -->\r\n\t\t                    \t\t                <\/div>\r\n\t\t            <\/div>\r\n\t\t        <\/div>\r\n\t\t    <\/div>\r\n\t\t    <!-- End Services -->\r\n\t\t\t<\/div>\n\t\t\t\t<\/div>\n\t\t\t\t\t<\/div>\n\t\t<\/div>\n\t\t\t\t\t\t\t<\/div>\n\t\t<\/section>\n\t\t\t\t\t\t\t<\/div>","protected":false},"excerpt":{"rendered":"<p>Construction cl\u00e9 en main Construction cl\u00e9 en main Vous avez pris votre d\u00e9cision et vous allez construire votre maison! Vous voyez que vous ne pourrez pas terminer la t\u00e2che par manque de temps, d\u2019expertise et d\u2019outils. Quelle option choisir pour construire sa maison ? Vos attentes seront bien combl\u00e9es par le contrat de construction cl\u00e9 [&hellip;]<\/p>","protected":false},"author":1,"featured_media":1686,"parent":0,"menu_order":0,"comment_status":"closed","ping_status":"closed","template":"","meta":{"footnotes":""},"class_list":["post-1823","page","type-page","status-publish","has-post-thumbnail","hentry"],"_links":{"self":[{"href":"https:\/\/gradilux.lu\/de\/wp-json\/wp\/v2\/pages\/1823","targetHints":{"allow":["GET"]}}],"collection":[{"href":"https:\/\/gradilux.lu\/de\/wp-json\/wp\/v2\/pages"}],"about":[{"href":"https:\/\/gradilux.lu\/de\/wp-json\/wp\/v2\/types\/page"}],"author":[{"embeddable":true,"href":"https:\/\/gradilux.lu\/de\/wp-json\/wp\/v2\/users\/1"}],"replies":[{"embeddable":true,"href":"https:\/\/gradilux.lu\/de\/wp-json\/wp\/v2\/comments?post=1823"}],"version-history":[{"count":41,"href":"https:\/\/gradilux.lu\/de\/wp-json\/wp\/v2\/pages\/1823\/revisions"}],"predecessor-version":[{"id":2965,"href":"https:\/\/gradilux.lu\/de\/wp-json\/wp\/v2\/pages\/1823\/revisions\/2965"}],"wp:featuredmedia":[{"embeddable":true,"href":"https:\/\/gradilux.lu\/de\/wp-json\/wp\/v2\/media\/1686"}],"wp:attachment":[{"href":"https:\/\/gradilux.lu\/de\/wp-json\/wp\/v2\/media?parent=1823"}],"curies":[{"name":"wp","href":"https:\/\/api.w.org\/{rel}","templated":true}]}}