{"id":1632,"date":"2022-04-23T08:32:35","date_gmt":"2022-04-23T08:32:35","guid":{"rendered":"https:\/\/mb-construction.lu\/?page_id=1632"},"modified":"2026-03-25T13:17:22","modified_gmt":"2026-03-25T13:17:22","slug":"mentions-legales","status":"publish","type":"page","link":"https:\/\/gradilux.lu\/en\/mentions-legales\/","title":{"rendered":"Legal Notice"},"content":{"rendered":"<div data-elementor-type=\"wp-page\" data-elementor-id=\"1632\" class=\"elementor elementor-1632\">\n\t\t\t\t\t\t\t\t\t<section class=\"elementor-section elementor-top-section elementor-element elementor-element-6a976bc elementor-section-boxed elementor-section-height-default elementor-section-height-default\" data-id=\"6a976bc\" data-element_type=\"section\">\n\t\t\t\t\t\t<div class=\"elementor-container elementor-column-gap-default\">\n\t\t\t\t\t<div class=\"elementor-column elementor-col-100 elementor-top-column elementor-element elementor-element-942e641\" data-id=\"942e641\" data-element_type=\"column\">\n\t\t\t<div class=\"elementor-widget-wrap elementor-element-populated\">\n\t\t\t\t\t\t\t\t<div class=\"elementor-element elementor-element-953e721 elementor-widget elementor-widget-text-editor\" data-id=\"953e721\" data-element_type=\"widget\" data-widget_type=\"text-editor.default\">\n\t\t\t\t<div class=\"elementor-widget-container\">\n\t\t\t<style>\/*! elementor - v3.6.4 - 13-04-2022 *\/\n.elementor-widget-text-editor.elementor-drop-cap-view-stacked .elementor-drop-cap{background-color:#818a91;color:#fff}.elementor-widget-text-editor.elementor-drop-cap-view-framed .elementor-drop-cap{color:#818a91;border:3px solid;background-color:transparent}.elementor-widget-text-editor:not(.elementor-drop-cap-view-default) .elementor-drop-cap{margin-top:8px}.elementor-widget-text-editor:not(.elementor-drop-cap-view-default) .elementor-drop-cap-letter{width:1em;height:1em}.elementor-widget-text-editor .elementor-drop-cap{float:left;text-align:center;line-height:1;font-size:50px}.elementor-widget-text-editor .elementor-drop-cap-letter{display:inline-block}<\/style>\t\t\t\t<h2>Legal Notice<\/h2><p>Le site est \u00e9dit\u00e9 par GRADILUX S\u00e0rl, le directeur de la publication est Adnan Muratovi\u0107.<\/p><p>Rights protected<\/p><p>The elements constituting this site, developed by Admonet LLC. and hosted by Admonet LLC, are protected by applicable copyright, trademark, design and unfair competition laws.<\/p><p>They include in particular the architecture, the graphic charter (including the colors, the fonts and the graphic organization of the screens), as well as all the information and elements available on the website, such as in particular the texts, articles , photographs, illustrations, images, trademarks and logos.<\/p><p>Toute reproduction, repr\u00e9sentation, diffusion et\/ou exploitation de tout ou partie de ces \u00e9l\u00e9ments, par quelque moyen, sous quelque forme et \u00e0 quelque fin que ce soit, est interdite, sauf autorisation expresse pr\u00e9alable et \u00e9crite de GRADILUX S\u00e0rl<\/p><p>Toute personne ne respectant pas les dispositions l\u00e9gales applicables se rend coupable du d\u00e9lit de contrefa\u00e7on et est passible des sanctions p\u00e9nales pr\u00e9vues par la loi, nonobstant tout autre recours de GRADILUX S\u00e0rl<\/p><p>Territorial jurisdiction and applicable law<\/p><p>The Luxembourg courts have jurisdiction to hear any disputes relating to the use, interpretation and execution of the information and data appearing on this site.<\/p><p>The applicable law is Luxembourg law.<\/p>\t\t\t\t\t\t<\/div>\n\t\t\t\t<\/div>\n\t\t\t\t\t<\/div>\n\t\t<\/div>\n\t\t\t\t\t\t\t<\/div>\n\t\t<\/section>\n\t\t\t\t\t\t\t<\/div>","protected":false},"excerpt":{"rendered":"<p>Mentions L\u00e9gales Le site est \u00e9dit\u00e9 par GRADILUX S\u00e0rl, le directeur de la publication est Adnan Muratovi\u0107. Droits prot\u00e9g\u00e9s Les \u00e9l\u00e9ments constituant le pr\u00e9sent site, d\u00e9velopp\u00e9s par Admonet LLC. et heberg\u00e9s par Admonet LLC, sont prot\u00e9g\u00e9s par la l\u00e9gislation applicable en mati\u00e8re de droit d\u2019auteur, de droit des marques, de droit des dessins et mod\u00e8les [&hellip;]<\/p>","protected":false},"author":1,"featured_media":0,"parent":0,"menu_order":0,"comment_status":"closed","ping_status":"closed","template":"","meta":{"footnotes":""},"class_list":["post-1632","page","type-page","status-publish","hentry"],"_links":{"self":[{"href":"https:\/\/gradilux.lu\/en\/wp-json\/wp\/v2\/pages\/1632","targetHints":{"allow":["GET"]}}],"collection":[{"href":"https:\/\/gradilux.lu\/en\/wp-json\/wp\/v2\/pages"}],"about":[{"href":"https:\/\/gradilux.lu\/en\/wp-json\/wp\/v2\/types\/page"}],"author":[{"embeddable":true,"href":"https:\/\/gradilux.lu\/en\/wp-json\/wp\/v2\/users\/1"}],"replies":[{"embeddable":true,"href":"https:\/\/gradilux.lu\/en\/wp-json\/wp\/v2\/comments?post=1632"}],"version-history":[{"count":22,"href":"https:\/\/gradilux.lu\/en\/wp-json\/wp\/v2\/pages\/1632\/revisions"}],"predecessor-version":[{"id":3103,"href":"https:\/\/gradilux.lu\/en\/wp-json\/wp\/v2\/pages\/1632\/revisions\/3103"}],"wp:attachment":[{"href":"https:\/\/gradilux.lu\/en\/wp-json\/wp\/v2\/media?parent=1632"}],"curies":[{"name":"wp","href":"https:\/\/api.w.org\/{rel}","templated":true}]}}