{"id":190,"date":"2021-10-23T12:25:25","date_gmt":"2021-10-23T12:25:25","guid":{"rendered":"https:\/\/themelocker.tech\/dustra\/?page_id=190"},"modified":"2022-04-25T02:41:24","modified_gmt":"2022-04-25T02:41:24","slug":"nos-services","status":"publish","type":"page","link":"https:\/\/gradilux.lu\/en\/nos-services\/","title":{"rendered":"Our services"},"content":{"rendered":"<div data-elementor-type=\"wp-page\" data-elementor-id=\"190\" class=\"elementor elementor-190\">\n\t\t\t\t\t\t\t\t\t<section class=\"elementor-section elementor-top-section elementor-element elementor-element-2837cff elementor-section-stretched elementor-section-boxed elementor-section-height-default elementor-section-height-default\" data-id=\"2837cff\" data-element_type=\"section\" data-settings=\"{&quot;background_background&quot;:&quot;classic&quot;,&quot;stretch_section&quot;:&quot;section-stretched&quot;}\">\n\t\t\t\t\t\t<div class=\"elementor-container elementor-column-gap-default\">\n\t\t\t\t\t<div class=\"elementor-column elementor-col-100 elementor-top-column elementor-element elementor-element-21e84577\" data-id=\"21e84577\" data-element_type=\"column\">\n\t\t\t<div class=\"elementor-widget-wrap elementor-element-populated\">\n\t\t\t\t\t\t\t\t<div class=\"elementor-element elementor-element-58c7da21 elementor-widget elementor-widget-heading\" data-id=\"58c7da21\" data-element_type=\"widget\" data-widget_type=\"heading.default\">\n\t\t\t\t<div class=\"elementor-widget-container\">\n\t\t\t<style>\/*! elementor - v3.6.4 - 13-04-2022 *\/\n.elementor-heading-title{padding:0;margin:0;line-height:1}.elementor-widget-heading .elementor-heading-title[class*=elementor-size-]>a{color:inherit;font-size:inherit;line-height:inherit}.elementor-widget-heading .elementor-heading-title.elementor-size-small{font-size:15px}.elementor-widget-heading .elementor-heading-title.elementor-size-medium{font-size:19px}.elementor-widget-heading .elementor-heading-title.elementor-size-large{font-size:29px}.elementor-widget-heading .elementor-heading-title.elementor-size-xl{font-size:39px}.elementor-widget-heading .elementor-heading-title.elementor-size-xxl{font-size:59px}<\/style><p class=\"elementor-heading-title elementor-size-small\">WHAT WE DO<\/p>\t\t<\/div>\n\t\t\t\t<\/div>\n\t\t\t\t<div class=\"elementor-element elementor-element-4c061427 team-title elementor-widget elementor-widget-heading\" data-id=\"4c061427\" data-element_type=\"widget\" data-widget_type=\"heading.default\">\n\t\t\t\t<div class=\"elementor-widget-container\">\n\t\t\t<h2 class=\"elementor-heading-title elementor-size-default\">Our services<\/h2>\t\t<\/div>\n\t\t\t\t<\/div>\n\t\t\t\t<div class=\"elementor-element elementor-element-78880e3f elementor-widget elementor-widget-text-editor\" data-id=\"78880e3f\" data-element_type=\"widget\" data-widget_type=\"text-editor.default\">\n\t\t\t\t<div class=\"elementor-widget-container\">\n\t\t\t<style>\/*! elementor - v3.6.4 - 13-04-2022 *\/\n.elementor-widget-text-editor.elementor-drop-cap-view-stacked .elementor-drop-cap{background-color:#818a91;color:#fff}.elementor-widget-text-editor.elementor-drop-cap-view-framed .elementor-drop-cap{color:#818a91;border:3px solid;background-color:transparent}.elementor-widget-text-editor:not(.elementor-drop-cap-view-default) .elementor-drop-cap{margin-top:8px}.elementor-widget-text-editor:not(.elementor-drop-cap-view-default) .elementor-drop-cap-letter{width:1em;height:1em}.elementor-widget-text-editor .elementor-drop-cap{float:left;text-align:center;line-height:1;font-size:50px}.elementor-widget-text-editor .elementor-drop-cap-letter{display:inline-block}<\/style>\t\t\t\tAll our services are flexible and personalized according to your needs.\t\t\t\t\t\t<\/div>\n\t\t\t\t<\/div>\n\t\t\t\t\t<\/div>\n\t\t<\/div>\n\t\t\t\t\t\t\t<\/div>\n\t\t<\/section>\n\t\t\t\t<section class=\"elementor-section elementor-top-section elementor-element elementor-element-4c67a71 elementor-section-full_width elementor-section-stretched elementor-section-height-default elementor-section-height-default\" data-id=\"4c67a71\" data-element_type=\"section\" data-settings=\"{&quot;stretch_section&quot;:&quot;section-stretched&quot;,&quot;background_background&quot;:&quot;classic&quot;}\">\n\t\t\t\t\t\t<div class=\"elementor-container elementor-column-gap-no\">\n\t\t\t\t\t<div class=\"elementor-column elementor-col-100 elementor-top-column elementor-element elementor-element-2eb7ab33\" data-id=\"2eb7ab33\" data-element_type=\"column\">\n\t\t\t<div class=\"elementor-widget-wrap elementor-element-populated\">\n\t\t\t\t\t\t\t\t<div class=\"elementor-element elementor-element-2b3dc5da elementor-widget elementor-widget-services\" data-id=\"2b3dc5da\" data-element_type=\"widget\" data-widget_type=\"services.default\">\n\t\t\t\t<div class=\"elementor-widget-container\">\n\t\t\t\t\t\t<!-- Start Services Area\r\n\t\t    ============================================= -->\r\n\t\t    <div class=\"thumb-services-area shadow default-padding bottom-less\">\r\n\t\t        <!-- Shape -->\r\n\t\t        <div class=\"shape-bottom\" style=\"background-image: url();\"><\/div>\r\n\t\t        <!-- End Shape -->\r\n\t\t        <div class=\"container\">\r\n\t\t            <div class=\"thumb-services-items text-light\">\r\n\t\t                <div class=\"row\">\r\n\t\t                \t\t\t                    <!-- Single Item -->\r\n\t\t                    <div class=\"single-item col-lg-4 col-md-6\">\r\n\t\t                        <div class=\"item\" style=\"background-image: url(https:\/\/gradilux.lu\/wp-content\/uploads\/2022\/04\/MB-Construction-SARL-Construction-cle-en-main-1.jpg);\">\r\n\t\t                            <div class=\"content\">\r\n\t\t                                <div class=\"inner\">\r\n\t\t                                    \t\t\t                            \t\t\t\t                            \t\t<i class=\"flaticon-crane\"><\/i>\r\n\t\t\t                            \t\t\t\t                            \t\t\t                                    <h4>Turnkey construction<\/h4>\r\n\t\t                                    <p>\r\n\t\t                                       You have made your decision and you are going to build your house! You see that you will not be able to complete the\t\t                                    <\/p>\r\n\t\t                                <\/div>\r\n\t\t                                <div class=\"link\">\r\n\t\t                                    <a class=\"btn circle btn-theme effect btn-sm\" href=\"https:\/\/gradilux.lu\/en\/construction-cle-en-main\/\">Read More<i class=\"fal fa-plus\"><\/i><\/a>\r\n\t\t                                <\/div>\r\n\t\t                            <\/div>\r\n\t\t                        <\/div>\r\n\t\t                    <\/div>\r\n\t\t                    <!-- End Single Item -->\r\n\t\t                    \t\t                    <!-- Single Item -->\r\n\t\t                    <div class=\"single-item col-lg-4 col-md-6\">\r\n\t\t                        <div class=\"item\" style=\"background-image: url(https:\/\/gradilux.lu\/wp-content\/uploads\/2022\/04\/MB-Construction-SARL-house-facades1.jpg);\">\r\n\t\t                            <div class=\"content\">\r\n\t\t                                <div class=\"inner\">\r\n\t\t                                    \t\t\t                            \t\t\t\t                            \t\t<i class=\"flaticon-house\"><\/i>\r\n\t\t\t                            \t\t\t\t                            \t\t\t                                    <h4>Facades<\/h4>\r\n\t\t                                    <p>\r\n\t\t                                       The facade cladding is an important protective element whether in the context of rehabilitation or\t\t                                    <\/p>\r\n\t\t                                <\/div>\r\n\t\t                                <div class=\"link\">\r\n\t\t                                    <a class=\"btn circle btn-theme effect btn-sm\" href=\"https:\/\/gradilux.lu\/en\/facades\/\">Read More<i class=\"fal fa-plus\"><\/i><\/a>\r\n\t\t                                <\/div>\r\n\t\t                            <\/div>\r\n\t\t                        <\/div>\r\n\t\t                    <\/div>\r\n\t\t                    <!-- End Single Item -->\r\n\t\t                    \t\t                    <!-- Single Item -->\r\n\t\t                    <div class=\"single-item col-lg-4 col-md-6\">\r\n\t\t                        <div class=\"item\" style=\"background-image: url(https:\/\/gradilux.lu\/wp-content\/uploads\/2022\/04\/MB-Construction-SARL-Gros-oeuvre12.jpg);\">\r\n\t\t                            <div class=\"content\">\r\n\t\t                                <div class=\"inner\">\r\n\t\t                                    \t\t\t                            \t\t\t\t                            \t\t<i class=\"flaticon-puzzle\"><\/i>\r\n\t\t\t                            \t\t\t\t                            \t\t\t                                    <h4>Big Work<\/h4>\r\n\t\t                                    <p>\r\n\t\t                                       The structural work of a structure consists of the construction of its framework. It is all the building work that contributes\t\t                                    <\/p>\r\n\t\t                                <\/div>\r\n\t\t                                <div class=\"link\">\r\n\t\t                                    <a class=\"btn circle btn-theme effect btn-sm\" href=\"https:\/\/gradilux.lu\/en\/gros-oeuvre\/\">Read More<i class=\"fal fa-plus\"><\/i><\/a>\r\n\t\t                                <\/div>\r\n\t\t                            <\/div>\r\n\t\t                        <\/div>\r\n\t\t                    <\/div>\r\n\t\t                    <!-- End Single Item -->\r\n\t\t                    \t\t                    <!-- Single Item -->\r\n\t\t                    <div class=\"single-item col-lg-4 col-md-6\">\r\n\t\t                        <div class=\"item\" style=\"background-image: url(https:\/\/gradilux.lu\/wp-content\/uploads\/2022\/04\/Amenagements-exterieurs-et-interieurs.jpg);\">\r\n\t\t                            <div class=\"content\">\r\n\t\t                                <div class=\"inner\">\r\n\t\t                                    \t\t\t                            \t\t\t\t                            \t\t\t\t                            \t\t<i class=\"icofont-chair\"><\/i>\r\n\t\t\t                            \t\t\t                                    <h4>Exterior and interior fittings<\/h4>\r\n\t\t                                    <p>\r\n\t\t                                       Les services de design int\u00e9rieur et ext\u00e9rieur de Gradilux S\u00e0rl sont \u00e0 votre\t\t                                    <\/p>\r\n\t\t                                <\/div>\r\n\t\t                                <div class=\"link\">\r\n\t\t                                    <a class=\"btn circle btn-theme effect btn-sm\" href=\"https:\/\/gradilux.lu\/en\/amenagements-exterieurs-et-interieurs\/\">Read More<i class=\"fal fa-plus\"><\/i><\/a>\r\n\t\t                                <\/div>\r\n\t\t                            <\/div>\r\n\t\t                        <\/div>\r\n\t\t                    <\/div>\r\n\t\t                    <!-- End Single Item -->\r\n\t\t                    \t\t                    <!-- Single Item -->\r\n\t\t                    <div class=\"single-item col-lg-4 col-md-6\">\r\n\t\t                        <div class=\"item\" style=\"background-image: url(https:\/\/gradilux.lu\/wp-content\/uploads\/2022\/04\/MB-Construction-SARL-Maconnerie.jpg);\">\r\n\t\t                            <div class=\"content\">\r\n\t\t                                <div class=\"inner\">\r\n\t\t                                    \t\t\t                            \t\t\t\t                            \t\t<i class=\"flaticon-worker\"><\/i>\r\n\t\t\t                            \t\t\t\t                            \t\t\t                                    <h4>Masonry<\/h4>\r\n\t\t                                    <p>\r\n\t\t                                       Masonry work is an important aspect of any construction project. They combine all activities to ensure\t\t                                    <\/p>\r\n\t\t                                <\/div>\r\n\t\t                                <div class=\"link\">\r\n\t\t                                    <a class=\"btn circle btn-theme effect btn-sm\" href=\"https:\/\/gradilux.lu\/en\/maconnerie\/\">Read More<i class=\"fal fa-plus\"><\/i><\/a>\r\n\t\t                                <\/div>\r\n\t\t                            <\/div>\r\n\t\t                        <\/div>\r\n\t\t                    <\/div>\r\n\t\t                    <!-- End Single Item -->\r\n\t\t                    \t\t                    <!-- Single Item -->\r\n\t\t                    <div class=\"single-item col-lg-4 col-md-6\">\r\n\t\t                        <div class=\"item\" style=\"background-image: url(https:\/\/gradilux.lu\/wp-content\/uploads\/2022\/04\/Demolition.jpg);\">\r\n\t\t                            <div class=\"content\">\r\n\t\t                                <div class=\"inner\">\r\n\t\t                                    \t\t\t                            \t\t\t\t                            \t\t<i class=\"flaticon-excavator\"><\/i>\r\n\t\t\t                            \t\t\t\t                            \t\t\t                                    <h4>Demolition<\/h4>\r\n\t\t                                    <p>\r\n\t\t                                       Gradilux poss\u00e8de de nombreuses ann\u00e9es d&#039;exp\u00e9rience dans le domaine du d\u00e9samiantage et nous pouvons r\u00e9pondre \u00e0 vos\t\t                                    <\/p>\r\n\t\t                                <\/div>\r\n\t\t                                <div class=\"link\">\r\n\t\t                                    <a class=\"btn circle btn-theme effect btn-sm\" href=\"https:\/\/gradilux.lu\/en\/demolition\/\">Read More<i class=\"fal fa-plus\"><\/i><\/a>\r\n\t\t                                <\/div>\r\n\t\t                            <\/div>\r\n\t\t                        <\/div>\r\n\t\t                    <\/div>\r\n\t\t                    <!-- End Single Item -->\r\n\t\t                    \t\t                    <!-- Single Item -->\r\n\t\t                    <div class=\"single-item col-lg-4 col-md-6\">\r\n\t\t                        <div class=\"item\" style=\"background-image: url(https:\/\/gradilux.lu\/wp-content\/uploads\/2022\/04\/Menuiserie-exterieure-et-interieure.jpg);\">\r\n\t\t                            <div class=\"content\">\r\n\t\t                                <div class=\"inner\">\r\n\t\t                                    \t\t\t                            \t\t\t\t                            \t\t<i class=\"flaticon-engineer-3\"><\/i>\r\n\t\t\t                            \t\t\t\t                            \t\t\t                                    <h4>Exterior and interior carpentry<\/h4>\r\n\t\t                                    <p>\r\n\t\t                                       Present inside and outside, they are the guarantors of efficient insulation, preserve the privacy of...\t\t                                    <\/p>\r\n\t\t                                <\/div>\r\n\t\t                                <div class=\"link\">\r\n\t\t                                    <a class=\"btn circle btn-theme effect btn-sm\" href=\"https:\/\/gradilux.lu\/en\/menuiserie-exterieure-et-interieure\/\">Read More<i class=\"fal fa-plus\"><\/i><\/a>\r\n\t\t                                <\/div>\r\n\t\t                            <\/div>\r\n\t\t                        <\/div>\r\n\t\t                    <\/div>\r\n\t\t                    <!-- End Single Item -->\r\n\t\t                    \t\t                    <!-- Single Item -->\r\n\t\t                    <div class=\"single-item col-lg-4 col-md-6\">\r\n\t\t                        <div class=\"item\" style=\"background-image: url(https:\/\/gradilux.lu\/wp-content\/uploads\/2022\/04\/isolation.jpg);\">\r\n\t\t                            <div class=\"content\">\r\n\t\t                                <div class=\"inner\">\r\n\t\t                                    \t\t\t                            \t\t\t\t                            \t\t\t\t                            \t\t<i class=\"icofont-celsius\"><\/i>\r\n\t\t\t                            \t\t\t                                    <h4>Insulation<\/h4>\r\n\t\t                                    <p>\r\n\t\t                                       Insulation is a technique for protecting the interior of a house from the external impacts of noise and temperature. It is\t\t                                    <\/p>\r\n\t\t                                <\/div>\r\n\t\t                                <div class=\"link\">\r\n\t\t                                    <a class=\"btn circle btn-theme effect btn-sm\" href=\"https:\/\/gradilux.lu\/en\/isolation\/\">Read More<i class=\"fal fa-plus\"><\/i><\/a>\r\n\t\t                                <\/div>\r\n\t\t                            <\/div>\r\n\t\t                        <\/div>\r\n\t\t                    <\/div>\r\n\t\t                    <!-- End Single Item -->\r\n\t\t                    \t\t                    <!-- Single Item -->\r\n\t\t                    <div class=\"single-item col-lg-4 col-md-6\">\r\n\t\t                        <div class=\"item\" style=\"background-image: url(https:\/\/gradilux.lu\/wp-content\/uploads\/2022\/04\/Peinture.jpg);\">\r\n\t\t                            <div class=\"content\">\r\n\t\t                                <div class=\"inner\">\r\n\t\t                                    \t\t\t                            \t\t\t\t                            \t\t\t\t                            \t\t<i class=\"icofont-paint-brush\"><\/i>\r\n\t\t\t                            \t\t\t                                    <h4>Painting<\/h4>\r\n\t\t                                    <p>\r\n\t\t                                       Repainting your walls and ceilings can breathe new life into your home while increasing the illusion of space. We\t\t                                    <\/p>\r\n\t\t                                <\/div>\r\n\t\t                                <div class=\"link\">\r\n\t\t                                    <a class=\"btn circle btn-theme effect btn-sm\" href=\"https:\/\/gradilux.lu\/en\/peinture\/\">Read More<i class=\"fal fa-plus\"><\/i><\/a>\r\n\t\t                                <\/div>\r\n\t\t                            <\/div>\r\n\t\t                        <\/div>\r\n\t\t                    <\/div>\r\n\t\t                    <!-- End Single Item -->\r\n\t\t                    \t\t                <\/div>\r\n\t\t            <\/div>\r\n\t\t        <\/div>\r\n\t\t    <\/div>\r\n\t\t    <!-- End Services -->\r\n\t\t\t<\/div>\n\t\t\t\t<\/div>\n\t\t\t\t\t<\/div>\n\t\t<\/div>\n\t\t\t\t\t\t\t<\/div>\n\t\t<\/section>\n\t\t\t\t<section class=\"elementor-section elementor-top-section elementor-element elementor-element-385e08df elementor-section-full_width elementor-section-stretched elementor-section-height-default elementor-section-height-default\" data-id=\"385e08df\" data-element_type=\"section\" data-settings=\"{&quot;stretch_section&quot;:&quot;section-stretched&quot;}\">\n\t\t\t\t\t\t<div class=\"elementor-container elementor-column-gap-no\">\n\t\t\t\t\t<div class=\"elementor-column elementor-col-100 elementor-top-column elementor-element elementor-element-71ce991b\" data-id=\"71ce991b\" data-element_type=\"column\">\n\t\t\t<div class=\"elementor-widget-wrap elementor-element-populated\">\n\t\t\t\t\t\t\t\t<div class=\"elementor-element elementor-element-195beb05 elementor-widget elementor-widget-workprocess\" data-id=\"195beb05\" data-element_type=\"widget\" data-widget_type=\"workprocess.default\">\n\t\t\t\t<div class=\"elementor-widget-container\">\n\t\t\t\t\t<!-- Start Work Porccess \r\n    ============================================= -->\r\n    <div class=\"work-process-area relative default-padding bottom-less bg-fixed\" style=\"background-image: url(https:\/\/gradilux.lu\/wp-content\/themes\/admonet\/assets\/img\/bg.png);\" id=\"workprocess\">\r\n        <div class=\"container\">\r\n            <div class=\"row\">\r\n                <div class=\"col-lg-8 offset-lg-2\">\r\n                    <div class=\"site-heading text-center\">\r\n                        \t\t                        <h4>HOW WE WORK<\/h4>\r\n\t\t                    \t\t                    \t\t                        <h2>Work process<\/h2>\r\n\t\t                    \t\t\t\t\t\t\t\t\t                        <p>Our work process is very simple, your requests will be done in just three steps.<\/p>\r\n\t\t                                    <\/div>\r\n                <\/div>\r\n            <\/div>\r\n            <div class=\"work-pro-items\">\r\n                <div class=\"row\">\r\n                \t\t                    <div class=\"col-lg-4 col-md-6 single-item\">\r\n\t                        <div class=\"item\">\r\n\t                            <div class=\"item-inner\">\r\n\t                                                                       <i class=\"flaticon-process\"><\/i>\r\n                                                                                                            \t\t                                <h4>\r\n\t\t                                \tTo research<span>01<\/span>\r\n\t\t                                <\/h4>\r\n\t                                \t                                \t                                    <p>\r\n\t                                    \tWe start each of our projects by understanding your wants, needs and goals. We achieve this by working closely with you to ensure we are all on the same page.\t                                    <\/p>\r\n\t                                \t                            <\/div>\r\n\t                        <\/div>\r\n\t                    <\/div>\r\n                    \t                    <div class=\"col-lg-4 col-md-6 single-item\">\r\n\t                        <div class=\"item\">\r\n\t                            <div class=\"item-inner\">\r\n\t                                                                       <i class=\"flaticon-creativity\"><\/i>\r\n                                                                                                            \t\t                                <h4>\r\n\t\t                                \tPlanning<span>02<\/span>\r\n\t\t                                <\/h4>\r\n\t                                \t                                \t                                    <p>\r\n\t                                    \tAfter the research, we will present you our project, activities, objectives and we will agree on the priorities. At this stage, we have a strategic plan that matches your initial vision and makes your goals achievable.\t                                    <\/p>\r\n\t                                \t                            <\/div>\r\n\t                        <\/div>\r\n\t                    <\/div>\r\n                    \t                    <div class=\"col-lg-4 col-md-6 single-item\">\r\n\t                        <div class=\"item\">\r\n\t                            <div class=\"item-inner\">\r\n\t                                                                       <i class=\"flaticon-house\"><\/i>\r\n                                                                                                            \t\t                                <h4>\r\n\t\t                                \tDevelopment<span>03<\/span>\r\n\t\t                                <\/h4>\r\n\t                                \t                                \t                                    <p>\r\n\t                                    \tThe project takes its final shape and at this stage ideas and visions come to life. Our creative development team will work on the project until it matches your goals.\n<br>\n<br>\t                                    <\/p>\r\n\t                                \t                            <\/div>\r\n\t                        <\/div>\r\n\t                    <\/div>\r\n                                    <\/div>\r\n            <\/div>\r\n        <\/div>\r\n    <\/div>\r\n    <!-- End Work Porccess -->\r\n\t\t\t\t<\/div>\n\t\t\t\t<\/div>\n\t\t\t\t\t<\/div>\n\t\t<\/div>\n\t\t\t\t\t\t\t<\/div>\n\t\t<\/section>\n\t\t\t\t\t\t\t<\/div>","protected":false},"excerpt":{"rendered":"<p>CE QUE NOUS FAISONS Nos services Toutes nos prestations sont modulables et personnalis\u00e9es selon vos besoins. Construction cl\u00e9 en main Vous avez pris votre d\u00e9cision et vous allez construire votre maison! Vous voyez que vous ne pourrez pas terminer la Lire la suite Fa\u00e7ades Le rev\u00eatement de fa\u00e7ade est un \u00e9l\u00e9ment de protection important que [&hellip;]<\/p>","protected":false},"author":1,"featured_media":0,"parent":0,"menu_order":0,"comment_status":"closed","ping_status":"closed","template":"","meta":{"footnotes":""},"class_list":["post-190","page","type-page","status-publish","hentry"],"_links":{"self":[{"href":"https:\/\/gradilux.lu\/en\/wp-json\/wp\/v2\/pages\/190","targetHints":{"allow":["GET"]}}],"collection":[{"href":"https:\/\/gradilux.lu\/en\/wp-json\/wp\/v2\/pages"}],"about":[{"href":"https:\/\/gradilux.lu\/en\/wp-json\/wp\/v2\/types\/page"}],"author":[{"embeddable":true,"href":"https:\/\/gradilux.lu\/en\/wp-json\/wp\/v2\/users\/1"}],"replies":[{"embeddable":true,"href":"https:\/\/gradilux.lu\/en\/wp-json\/wp\/v2\/comments?post=190"}],"version-history":[{"count":64,"href":"https:\/\/gradilux.lu\/en\/wp-json\/wp\/v2\/pages\/190\/revisions"}],"predecessor-version":[{"id":2816,"href":"https:\/\/gradilux.lu\/en\/wp-json\/wp\/v2\/pages\/190\/revisions\/2816"}],"wp:attachment":[{"href":"https:\/\/gradilux.lu\/en\/wp-json\/wp\/v2\/media?parent=190"}],"curies":[{"name":"wp","href":"https:\/\/api.w.org\/{rel}","templated":true}]}}