{"id":1927,"date":"2022-04-23T18:59:43","date_gmt":"2022-04-23T18:59:43","guid":{"rendered":"https:\/\/mb-construction.lu\/?page_id=1927"},"modified":"2025-04-22T17:00:37","modified_gmt":"2025-04-22T17:00:37","slug":"maconnerie","status":"publish","type":"page","link":"https:\/\/gradilux.lu\/en\/maconnerie\/","title":{"rendered":"Masonry"},"content":{"rendered":"<div data-elementor-type=\"wp-page\" data-elementor-id=\"1927\" class=\"elementor elementor-1927\">\n\t\t\t\t\t\t\t\t\t<section class=\"elementor-section elementor-top-section elementor-element elementor-element-384e7098 elementor-section-full_width elementor-section-stretched elementor-section-content-top elementor-section-height-default elementor-section-height-default\" data-id=\"384e7098\" data-element_type=\"section\" data-settings=\"{&quot;stretch_section&quot;:&quot;section-stretched&quot;}\">\n\t\t\t\t\t\t<div class=\"elementor-container elementor-column-gap-no\">\n\t\t\t\t\t<div class=\"elementor-column elementor-col-100 elementor-top-column elementor-element elementor-element-ff758a9\" data-id=\"ff758a9\" data-element_type=\"column\">\n\t\t\t<div class=\"elementor-widget-wrap elementor-element-populated\">\n\t\t\t\t\t\t\t\t<div class=\"elementor-element elementor-element-1dfeef0e elementor-widget elementor-widget-about\" data-id=\"1dfeef0e\" data-element_type=\"widget\" data-widget_type=\"about.default\">\n\t\t\t\t<div class=\"elementor-widget-container\">\n\t\t\t    <!-- Start Our About\r\n    ============================================= -->\r\n    <div class=\"about-area ver-two overflow-hidden shape-box default-padding-top\">\r\n        <!-- Fixed Shape -->\r\n        <div class=\"fixed-shape\">\r\n            <img decoding=\"async\" src=\"https:\/\/gradilux.lu\/wp-content\/themes\/admonet\/assets\/img\/shape\/1.png\" alt=\"dustra\">\r\n        <\/div>\r\n        <!-- End Fixed Shape -->\r\n        <div class=\"container\">\r\n            <div class=\"row align-center\">\r\n\r\n                <div class=\"col-lg-5 thumb-box\">\r\n                \t\t                    <div class=\"thumb\">\r\n\t                        <img decoding=\"async\" src=\"https:\/\/gradilux.lu\/wp-content\/uploads\/2022\/04\/MB-Construction-SARL-Maconnerie.jpg\" alt=\"dustra\">\r\n\t                    <\/div>\r\n                \t                <\/div>\r\n\r\n                <div class=\"col-lg-7 info\">\r\n                    <h2 class=\"text-opacity\">Masonry<\/h2>\r\n                     <h2>Masonry<\/h2><p>Les travaux de ma\u00e7onnerie sont un aspect important de tout projet de construction. Ils regroupent toutes les activit\u00e9s pour assurer la protection, la r\u00e9sistance et la stabilit\u00e9 du b\u00e2timent. Qu&#039;il s&#039;agisse de renforcer les fondations de votre future maison ou d&#039;am\u00e9liorer celles qui existent d\u00e9j\u00e0, une telle t\u00e2che n\u00e9cessite l&#039;expertise et les connaissances d&#039;un professionnel.<\/p><p>Les travaux de ma\u00e7onnerie impliquent un large \u00e9ventail de comp\u00e9tences indispensables \u00e0 toute construction dans certaines circonstances, \u00e0 sa r\u00e9habilitation. L&#039;artisan ma\u00e7on est qualifi\u00e9 pour r\u00e9aliser des travaux de gros \u0153uvre tels que terrassement, fondations, etc.<\/p><ul><li>Save time<\/li><li>Entrust management to experts<\/li><\/ul>                     \r\n                    <a class=\"btn btn-theme effect btn-md\" href=\"https:\/\/gradilux.lu\/en\/contactez-nous\/\">Contact Us<\/a>\r\n                \t                <\/div>\r\n                \r\n            <\/div>\r\n        <\/div>\r\n        <!-- Shape -->\r\n        <div class=\"shape-bg\">\r\n            <img decoding=\"async\" src=\"https:\/\/themelocker.tech\/dustra\/wp-content\/uploads\/2021\/11\/shape.png\" alt=\"dustra\">\r\n        <\/div>\r\n        <!-- End Shape -->\r\n    <\/div>\r\n    <!-- End Our About -->\r\n\r\n\r\n\t\t\t<\/div>\n\t\t\t\t<\/div>\n\t\t\t\t\t<\/div>\n\t\t<\/div>\n\t\t\t\t\t\t\t<\/div>\n\t\t<\/section>\n\t\t\t\t<section class=\"elementor-section elementor-top-section elementor-element elementor-element-2257e5e9 elementor-section-stretched elementor-section-boxed elementor-section-height-default elementor-section-height-default\" data-id=\"2257e5e9\" data-element_type=\"section\" data-settings=\"{&quot;background_background&quot;:&quot;classic&quot;,&quot;stretch_section&quot;:&quot;section-stretched&quot;}\">\n\t\t\t\t\t\t<div class=\"elementor-container elementor-column-gap-default\">\n\t\t\t\t\t<div class=\"elementor-column elementor-col-100 elementor-top-column elementor-element elementor-element-1a50f40e\" data-id=\"1a50f40e\" data-element_type=\"column\">\n\t\t\t<div class=\"elementor-widget-wrap elementor-element-populated\">\n\t\t\t\t\t\t\t\t<div class=\"elementor-element elementor-element-53f20c1a elementor-widget elementor-widget-heading\" data-id=\"53f20c1a\" data-element_type=\"widget\" data-widget_type=\"heading.default\">\n\t\t\t\t<div class=\"elementor-widget-container\">\n\t\t\t<style>\/*! elementor - v3.6.4 - 13-04-2022 *\/\n.elementor-heading-title{padding:0;margin:0;line-height:1}.elementor-widget-heading .elementor-heading-title[class*=elementor-size-]>a{color:inherit;font-size:inherit;line-height:inherit}.elementor-widget-heading .elementor-heading-title.elementor-size-small{font-size:15px}.elementor-widget-heading .elementor-heading-title.elementor-size-medium{font-size:19px}.elementor-widget-heading .elementor-heading-title.elementor-size-large{font-size:29px}.elementor-widget-heading .elementor-heading-title.elementor-size-xl{font-size:39px}.elementor-widget-heading .elementor-heading-title.elementor-size-xxl{font-size:59px}<\/style><p class=\"elementor-heading-title elementor-size-small\">WHAT WE DO<\/p>\t\t<\/div>\n\t\t\t\t<\/div>\n\t\t\t\t<div class=\"elementor-element elementor-element-10114114 team-title elementor-widget elementor-widget-heading\" data-id=\"10114114\" data-element_type=\"widget\" data-widget_type=\"heading.default\">\n\t\t\t\t<div class=\"elementor-widget-container\">\n\t\t\t<h2 class=\"elementor-heading-title elementor-size-default\">Our services<\/h2>\t\t<\/div>\n\t\t\t\t<\/div>\n\t\t\t\t<div class=\"elementor-element elementor-element-30857f97 elementor-widget elementor-widget-text-editor\" data-id=\"30857f97\" data-element_type=\"widget\" data-widget_type=\"text-editor.default\">\n\t\t\t\t<div class=\"elementor-widget-container\">\n\t\t\t<style>\/*! elementor - v3.6.4 - 13-04-2022 *\/\n.elementor-widget-text-editor.elementor-drop-cap-view-stacked .elementor-drop-cap{background-color:#818a91;color:#fff}.elementor-widget-text-editor.elementor-drop-cap-view-framed .elementor-drop-cap{color:#818a91;border:3px solid;background-color:transparent}.elementor-widget-text-editor:not(.elementor-drop-cap-view-default) .elementor-drop-cap{margin-top:8px}.elementor-widget-text-editor:not(.elementor-drop-cap-view-default) .elementor-drop-cap-letter{width:1em;height:1em}.elementor-widget-text-editor .elementor-drop-cap{float:left;text-align:center;line-height:1;font-size:50px}.elementor-widget-text-editor .elementor-drop-cap-letter{display:inline-block}<\/style>\t\t\t\tAll our services are flexible and personalized according to your needs.\t\t\t\t\t\t<\/div>\n\t\t\t\t<\/div>\n\t\t\t\t\t<\/div>\n\t\t<\/div>\n\t\t\t\t\t\t\t<\/div>\n\t\t<\/section>\n\t\t\t\t<section class=\"elementor-section elementor-top-section elementor-element elementor-element-63fa6016 elementor-section-full_width elementor-section-stretched elementor-section-height-default elementor-section-height-default\" data-id=\"63fa6016\" data-element_type=\"section\" data-settings=\"{&quot;stretch_section&quot;:&quot;section-stretched&quot;,&quot;background_background&quot;:&quot;classic&quot;}\">\n\t\t\t\t\t\t<div class=\"elementor-container elementor-column-gap-no\">\n\t\t\t\t\t<div class=\"elementor-column elementor-col-100 elementor-top-column elementor-element elementor-element-3250da87\" data-id=\"3250da87\" data-element_type=\"column\">\n\t\t\t<div class=\"elementor-widget-wrap elementor-element-populated\">\n\t\t\t\t\t\t\t\t<div class=\"elementor-element elementor-element-31629dad elementor-widget elementor-widget-services\" data-id=\"31629dad\" data-element_type=\"widget\" data-widget_type=\"services.default\">\n\t\t\t\t<div class=\"elementor-widget-container\">\n\t\t\t\t\t\t<!-- Start Services Area\r\n\t\t    ============================================= -->\r\n\t\t    <div class=\"thumb-services-area shadow default-padding bottom-less\">\r\n\t\t        <!-- Shape -->\r\n\t\t        <div class=\"shape-bottom\" style=\"background-image: url();\"><\/div>\r\n\t\t        <!-- End Shape -->\r\n\t\t        <div class=\"container\">\r\n\t\t            <div class=\"thumb-services-items text-light\">\r\n\t\t                <div class=\"row\">\r\n\t\t                \t\t\t                    <!-- Single Item -->\r\n\t\t                    <div class=\"single-item col-lg-4 col-md-6\">\r\n\t\t                        <div class=\"item\" style=\"background-image: url(https:\/\/gradilux.lu\/wp-content\/uploads\/2022\/04\/MB-Construction-SARL-Construction-cle-en-main-1.jpg);\">\r\n\t\t                            <div class=\"content\">\r\n\t\t                                <div class=\"inner\">\r\n\t\t                                    \t\t\t                            \t\t\t\t                            \t\t<i class=\"flaticon-crane\"><\/i>\r\n\t\t\t                            \t\t\t\t                            \t\t\t                                    <h4>Turnkey construction<\/h4>\r\n\t\t                                    <p>\r\n\t\t                                       You have made your decision and you are going to build your house! You see that you will not be able to complete the\t\t                                    <\/p>\r\n\t\t                                <\/div>\r\n\t\t                                <div class=\"link\">\r\n\t\t                                    <a class=\"btn circle btn-theme effect btn-sm\" href=\"https:\/\/gradilux.lu\/en\/construction-cle-en-main\/\">Read More<i class=\"fal fa-plus\"><\/i><\/a>\r\n\t\t                                <\/div>\r\n\t\t                            <\/div>\r\n\t\t                        <\/div>\r\n\t\t                    <\/div>\r\n\t\t                    <!-- End Single Item -->\r\n\t\t                    \t\t                    <!-- Single Item -->\r\n\t\t                    <div class=\"single-item col-lg-4 col-md-6\">\r\n\t\t                        <div class=\"item\" style=\"background-image: url(https:\/\/gradilux.lu\/wp-content\/uploads\/2022\/04\/MB-Construction-SARL-house-facades1.jpg);\">\r\n\t\t                            <div class=\"content\">\r\n\t\t                                <div class=\"inner\">\r\n\t\t                                    \t\t\t                            \t\t\t\t                            \t\t<i class=\"flaticon-house\"><\/i>\r\n\t\t\t                            \t\t\t\t                            \t\t\t                                    <h4>Facades<\/h4>\r\n\t\t                                    <p>\r\n\t\t                                       The facade cladding is an important protective element whether in the context of rehabilitation or\t\t                                    <\/p>\r\n\t\t                                <\/div>\r\n\t\t                                <div class=\"link\">\r\n\t\t                                    <a class=\"btn circle btn-theme effect btn-sm\" href=\"https:\/\/gradilux.lu\/en\/facades\/\">Read More<i class=\"fal fa-plus\"><\/i><\/a>\r\n\t\t                                <\/div>\r\n\t\t                            <\/div>\r\n\t\t                        <\/div>\r\n\t\t                    <\/div>\r\n\t\t                    <!-- End Single Item -->\r\n\t\t                    \t\t                    <!-- Single Item -->\r\n\t\t                    <div class=\"single-item col-lg-4 col-md-6\">\r\n\t\t                        <div class=\"item\" style=\"background-image: url(https:\/\/gradilux.lu\/wp-content\/uploads\/2022\/04\/MB-Construction-SARL-Gros-oeuvre12.jpg);\">\r\n\t\t                            <div class=\"content\">\r\n\t\t                                <div class=\"inner\">\r\n\t\t                                    \t\t\t                            \t\t\t\t                            \t\t<i class=\"flaticon-puzzle\"><\/i>\r\n\t\t\t                            \t\t\t\t                            \t\t\t                                    <h4>Big Work<\/h4>\r\n\t\t                                    <p>\r\n\t\t                                       The structural work of a structure consists of the construction of its framework. It is all the building work that contributes\t\t                                    <\/p>\r\n\t\t                                <\/div>\r\n\t\t                                <div class=\"link\">\r\n\t\t                                    <a class=\"btn circle btn-theme effect btn-sm\" href=\"https:\/\/gradilux.lu\/en\/gros-oeuvre\/\">Read More<i class=\"fal fa-plus\"><\/i><\/a>\r\n\t\t                                <\/div>\r\n\t\t                            <\/div>\r\n\t\t                        <\/div>\r\n\t\t                    <\/div>\r\n\t\t                    <!-- End Single Item -->\r\n\t\t                    \t\t                    <!-- Single Item -->\r\n\t\t                    <div class=\"single-item col-lg-4 col-md-6\">\r\n\t\t                        <div class=\"item\" style=\"background-image: url(https:\/\/gradilux.lu\/wp-content\/uploads\/2022\/04\/Amenagements-exterieurs-et-interieurs.jpg);\">\r\n\t\t                            <div class=\"content\">\r\n\t\t                                <div class=\"inner\">\r\n\t\t                                    \t\t\t                            \t\t\t\t                            \t\t\t\t                            \t\t<i class=\"icofont-chair\"><\/i>\r\n\t\t\t                            \t\t\t                                    <h4>Exterior and interior fittings<\/h4>\r\n\t\t                                    <p>\r\n\t\t                                       Les services de design int\u00e9rieur et ext\u00e9rieur de Gradilux S\u00e0rl sont \u00e0 votre\t\t                                    <\/p>\r\n\t\t                                <\/div>\r\n\t\t                                <div class=\"link\">\r\n\t\t                                    <a class=\"btn circle btn-theme effect btn-sm\" href=\"https:\/\/gradilux.lu\/en\/amenagements-exterieurs-et-interieurs\/\">Read More<i class=\"fal fa-plus\"><\/i><\/a>\r\n\t\t                                <\/div>\r\n\t\t                            <\/div>\r\n\t\t                        <\/div>\r\n\t\t                    <\/div>\r\n\t\t                    <!-- End Single Item -->\r\n\t\t                    \t\t                    <!-- Single Item -->\r\n\t\t                    <div class=\"single-item col-lg-4 col-md-6\">\r\n\t\t                        <div class=\"item\" style=\"background-image: url(https:\/\/gradilux.lu\/wp-content\/uploads\/2022\/04\/MB-Construction-SARL-Maconnerie.jpg);\">\r\n\t\t                            <div class=\"content\">\r\n\t\t                                <div class=\"inner\">\r\n\t\t                                    \t\t\t                            \t\t\t\t                            \t\t<i class=\"flaticon-worker\"><\/i>\r\n\t\t\t                            \t\t\t\t                            \t\t\t                                    <h4>Masonry<\/h4>\r\n\t\t                                    <p>\r\n\t\t                                       Masonry work is an important aspect of any construction project. They combine all activities to ensure\t\t                                    <\/p>\r\n\t\t                                <\/div>\r\n\t\t                                <div class=\"link\">\r\n\t\t                                    <a class=\"btn circle btn-theme effect btn-sm\" href=\"https:\/\/gradilux.lu\/en\/maconnerie\/\">Read More<i class=\"fal fa-plus\"><\/i><\/a>\r\n\t\t                                <\/div>\r\n\t\t                            <\/div>\r\n\t\t                        <\/div>\r\n\t\t                    <\/div>\r\n\t\t                    <!-- End Single Item -->\r\n\t\t                    \t\t                    <!-- Single Item -->\r\n\t\t                    <div class=\"single-item col-lg-4 col-md-6\">\r\n\t\t                        <div class=\"item\" style=\"background-image: url(https:\/\/gradilux.lu\/wp-content\/uploads\/2022\/04\/Demolition.jpg);\">\r\n\t\t                            <div class=\"content\">\r\n\t\t                                <div class=\"inner\">\r\n\t\t                                    \t\t\t                            \t\t\t\t                            \t\t<i class=\"flaticon-excavator\"><\/i>\r\n\t\t\t                            \t\t\t\t                            \t\t\t                                    <h4>Demolition<\/h4>\r\n\t\t                                    <p>\r\n\t\t                                       Gradilux poss\u00e8de de nombreuses ann\u00e9es d&#039;exp\u00e9rience dans le domaine du d\u00e9samiantage et nous pouvons r\u00e9pondre \u00e0 vos\t\t                                    <\/p>\r\n\t\t                                <\/div>\r\n\t\t                                <div class=\"link\">\r\n\t\t                                    <a class=\"btn circle btn-theme effect btn-sm\" href=\"https:\/\/gradilux.lu\/en\/demolition\/\">Read More<i class=\"fal fa-plus\"><\/i><\/a>\r\n\t\t                                <\/div>\r\n\t\t                            <\/div>\r\n\t\t                        <\/div>\r\n\t\t                    <\/div>\r\n\t\t                    <!-- End Single Item -->\r\n\t\t                    \t\t                    <!-- Single Item -->\r\n\t\t                    <div class=\"single-item col-lg-4 col-md-6\">\r\n\t\t                        <div class=\"item\" style=\"background-image: url(https:\/\/gradilux.lu\/wp-content\/uploads\/2022\/04\/Menuiserie-exterieure-et-interieure.jpg);\">\r\n\t\t                            <div class=\"content\">\r\n\t\t                                <div class=\"inner\">\r\n\t\t                                    \t\t\t                            \t\t\t\t                            \t\t<i class=\"flaticon-engineer-3\"><\/i>\r\n\t\t\t                            \t\t\t\t                            \t\t\t                                    <h4>Exterior and interior carpentry<\/h4>\r\n\t\t                                    <p>\r\n\t\t                                       Present inside and outside, they are the guarantors of efficient insulation, preserve the privacy of...\t\t                                    <\/p>\r\n\t\t                                <\/div>\r\n\t\t                                <div class=\"link\">\r\n\t\t                                    <a class=\"btn circle btn-theme effect btn-sm\" href=\"https:\/\/gradilux.lu\/en\/menuiserie-exterieure-et-interieure\/\">Read More<i class=\"fal fa-plus\"><\/i><\/a>\r\n\t\t                                <\/div>\r\n\t\t                            <\/div>\r\n\t\t                        <\/div>\r\n\t\t                    <\/div>\r\n\t\t                    <!-- End Single Item -->\r\n\t\t                    \t\t                    <!-- Single Item -->\r\n\t\t                    <div class=\"single-item col-lg-4 col-md-6\">\r\n\t\t                        <div class=\"item\" style=\"background-image: url(https:\/\/gradilux.lu\/wp-content\/uploads\/2022\/04\/isolation.jpg);\">\r\n\t\t                            <div class=\"content\">\r\n\t\t                                <div class=\"inner\">\r\n\t\t                                    \t\t\t                            \t\t\t\t                            \t\t\t\t                            \t\t<i class=\"icofont-celsius\"><\/i>\r\n\t\t\t                            \t\t\t                                    <h4>Insulation<\/h4>\r\n\t\t                                    <p>\r\n\t\t                                       Insulation is a technique for protecting the interior of a house from the external impacts of noise and temperature. It is\t\t                                    <\/p>\r\n\t\t                                <\/div>\r\n\t\t                                <div class=\"link\">\r\n\t\t                                    <a class=\"btn circle btn-theme effect btn-sm\" href=\"https:\/\/gradilux.lu\/en\/isolation\/\">Read More<i class=\"fal fa-plus\"><\/i><\/a>\r\n\t\t                                <\/div>\r\n\t\t                            <\/div>\r\n\t\t                        <\/div>\r\n\t\t                    <\/div>\r\n\t\t                    <!-- End Single Item -->\r\n\t\t                    \t\t                    <!-- Single Item -->\r\n\t\t                    <div class=\"single-item col-lg-4 col-md-6\">\r\n\t\t                        <div class=\"item\" style=\"background-image: url(https:\/\/gradilux.lu\/wp-content\/uploads\/2022\/04\/Peinture.jpg);\">\r\n\t\t                            <div class=\"content\">\r\n\t\t                                <div class=\"inner\">\r\n\t\t                                    \t\t\t                            \t\t\t\t                            \t\t\t\t                            \t\t<i class=\"icofont-paint-brush\"><\/i>\r\n\t\t\t                            \t\t\t                                    <h4>Painting<\/h4>\r\n\t\t                                    <p>\r\n\t\t                                       Repainting your walls and ceilings can breathe new life into your home while increasing the illusion of space. We\t\t                                    <\/p>\r\n\t\t                                <\/div>\r\n\t\t                                <div class=\"link\">\r\n\t\t                                    <a class=\"btn circle btn-theme effect btn-sm\" href=\"https:\/\/gradilux.lu\/en\/peinture\/\">Read More<i class=\"fal fa-plus\"><\/i><\/a>\r\n\t\t                                <\/div>\r\n\t\t                            <\/div>\r\n\t\t                        <\/div>\r\n\t\t                    <\/div>\r\n\t\t                    <!-- End Single Item -->\r\n\t\t                    \t\t                <\/div>\r\n\t\t            <\/div>\r\n\t\t        <\/div>\r\n\t\t    <\/div>\r\n\t\t    <!-- End Services -->\r\n\t\t\t<\/div>\n\t\t\t\t<\/div>\n\t\t\t\t\t<\/div>\n\t\t<\/div>\n\t\t\t\t\t\t\t<\/div>\n\t\t<\/section>\n\t\t\t\t\t\t\t<\/div>","protected":false},"excerpt":{"rendered":"<p>Ma\u00e7onnerie Ma\u00e7onnerie Les travaux de ma\u00e7onnerie sont un aspect important de tout projet de construction. Ils regroupent toutes les activit\u00e9s pour assurer la protection, la r\u00e9sistance et la stabilit\u00e9 du b\u00e2timent. Qu&#039;il s&#039;agisse de renforcer les fondations de votre future maison ou d&#039;am\u00e9liorer celles qui existent d\u00e9j\u00e0, une telle t\u00e2che n\u00e9cessite l&#039;expertise et les connaissances [&hellip;]<\/p>","protected":false},"author":1,"featured_media":0,"parent":0,"menu_order":0,"comment_status":"closed","ping_status":"closed","template":"","meta":{"footnotes":""},"class_list":["post-1927","page","type-page","status-publish","hentry"],"_links":{"self":[{"href":"https:\/\/gradilux.lu\/en\/wp-json\/wp\/v2\/pages\/1927","targetHints":{"allow":["GET"]}}],"collection":[{"href":"https:\/\/gradilux.lu\/en\/wp-json\/wp\/v2\/pages"}],"about":[{"href":"https:\/\/gradilux.lu\/en\/wp-json\/wp\/v2\/types\/page"}],"author":[{"embeddable":true,"href":"https:\/\/gradilux.lu\/en\/wp-json\/wp\/v2\/users\/1"}],"replies":[{"embeddable":true,"href":"https:\/\/gradilux.lu\/en\/wp-json\/wp\/v2\/comments?post=1927"}],"version-history":[{"count":29,"href":"https:\/\/gradilux.lu\/en\/wp-json\/wp\/v2\/pages\/1927\/revisions"}],"predecessor-version":[{"id":2980,"href":"https:\/\/gradilux.lu\/en\/wp-json\/wp\/v2\/pages\/1927\/revisions\/2980"}],"wp:attachment":[{"href":"https:\/\/gradilux.lu\/en\/wp-json\/wp\/v2\/media?parent=1927"}],"curies":[{"name":"wp","href":"https:\/\/api.w.org\/{rel}","templated":true}]}}